{"id":309,"date":"2020-10-05T10:44:41","date_gmt":"2020-10-05T14:44:41","guid":{"rendered":"https:\/\/brmemc.wpengine.com\/casa\/"},"modified":"2020-10-06T08:57:07","modified_gmt":"2020-10-06T12:57:07","slug":"casa","status":"publish","type":"page","link":"https:\/\/www.brmemc.com\/es\/","title":{"rendered":"Casa"},"content":{"rendered":"\n\t\n\t<a href=\"https:\/\/ipn.paymentus.com\/epd\/stde\/bmec%20\" target=\"_blank\" rel=\"noopener noreferrer\"><\/a> \n\t\t<h3>Paga tu cuenta<\/h3>\t\t\t\n\t<a href=\"https:\/\/brmemc.wpengine.com\/es\/denunciar-una-interrupcion\/\" target=\"_self\" rel=\"noopener noreferrer\"><\/a> \n\t\t<h3>Informar interrupci\u00f3n<\/h3>\t\t\t\n\t<a href=\"http:\/\/outage.brmemc.com:8008\/\" target=\"_blank\" rel=\"noopener noreferrer\"><\/a> \n\t\t<h3>Mapa de cortes<\/h3>\t\t\t\n\t<a href=\"https:\/\/brmemc.wpengine.com\/es\/establecimiento-de-servicio\/\" target=\"_self\" rel=\"noopener noreferrer\"><\/a> \n\t\t<h3>Nuevo servicio<\/h3>\t\t\t\n<h1>\n\t\tMiembros que sirven a los miembros\n\t<\/h1>\n\t<p>Blue Ridge Mountain EMC es una cooperativa sin fines de lucro, propiedad de sus miembros, que sirve a los condados de Towns, Union y Fannin del norte de Georgia; y Clay y Cherokee del oeste de Carolina del Norte.<\/p>\n\t\t\t\t<img decoding=\"async\" src=\"https:\/\/www.brmemc.com\/wp-content\/uploads\/2020\/02\/BRMEMC_overhead-1024x612.jpg\" alt=\"Establishing service\" title=\"BRMEMC_overhead\" itemprop=\"image\"  \/>\n\t<h3>\n\t\t\t\tEstablecimiento del servicio el\u00e9ctrico\n\t\t\t<\/h3>\n\t<p>Hay varias opciones al establecer el servicio el\u00e9ctrico con Blue Ridge Mountain EMC. Cada opci\u00f3n tiene una lista de verificaci\u00f3n que le garantizar\u00e1 que entregue la documentaci\u00f3n necesaria a BRMEMC y que su trabajo se mantenga por buen camino.<\/p>\n\t\t\t<a href=\"https:\/\/brmemc.wpengine.com\/es\/establecimiento-de-servicio\/\" target=\"_self\" role=\"button\" rel=\"noopener noreferrer\">\n\t\t\t\t\t\t\tM\u00e1s informaci\u00f3n\n\t\t<\/a>\n\t<h3>\n\t\t\t\tRetribuyendo a nuestra comunidad\n\t\t\t<\/h3>\n\t<p>El compromiso de la comunidad es parte de nuestra cultura. Nos ver\u00e1 en la escuela de su hijo hablando sobre seguridad el\u00e9ctrica, sirviendo en juntas directivas de varias organizaciones, entrenando, sentados a su lado en la iglesia o apoyando eventos comunitarios. Como usted, vivimos y trabajamos en esta gran \u00e1rea que amamos llamar hogar. Nos enorgullece trabajar en Blue Ridge Mountain EMC y ser parte de un equipo de empleados que los atiende a ustedes, nuestros miembros.<\/p>\n\t\t\t<a href=\"https:\/\/brmemc.wpengine.com\/es\/servicios-de-valor-anadido\/\" target=\"_self\" role=\"button\" rel=\"noopener noreferrer\">\n\t\t\t\t\t\t\tAPRENDE M\u00c1S\n\t\t<\/a>\n\t\t\t\t<img decoding=\"async\" src=\"https:\/\/www.brmemc.com\/wp-content\/uploads\/2020\/02\/IMG_0065-1024x683.jpg\" alt=\"IMG_0065\" title=\"IMG_0065\" itemprop=\"image\"  \/>\n\t\t\t<h3>Reg\u00edstrese para recibir mensajes de texto por cortes<\/h3>\t\t\t\n\t\t\t\t<p>Env\u00ede un mensaje de texto sobre su interrupci\u00f3n y reciba actualizaciones de estado.<\/p>\n\t\t\t<a href=\"https:\/\/brmemc.wpengine.com\/es\/mensajes-de-texto-de-interrupcion\/\" target=\"_self\" role=\"button\" rel=\"noopener noreferrer\">\n\t\t\t\t\t\t\tReg\u00edstrate ahora\n\t\t<\/a>\n\t<h2>\n\t\t\t\tNoticias recientes\n\t\t\t<\/h2>\n\t\tLea sobre noticias, eventos e informaci\u00f3n esencial recientes de BRMEMC.\t\n\t\t\t\t\t\t\t\t\t\t\t\t\t\t<a href=\"https:\/\/brmemc.wpengine.com\/informe-anual-2019\/?lang=es\" target=\"_self\" title=\"Informe Anual 2019\" rel=\"noopener noreferrer\">\n\t\t\t\t<img decoding=\"async\" src=\"\" alt=\"\" \/>\n\t\t\t\t<\/a>\n\t\t\t\t\t\t<h3>\n\t\t\t\t<a href=https:\/\/brmemc.wpengine.com\/informe-anual-2019\/?lang=es title=\"Informe Anual 2019\" tabindex=\"0\">Informe Anual 2019<\/a>\t\t\t<\/h3>\n\t\t\t\t\t\t\t<h5>\n\t\t\toctubre 5, 2020\t\t\t\n\t\t\t\t\t\t\t<\/h5>\n\t\t\t\t\t\t\t\t\tLorem ipsum dolor sit amet, consectetur adipiscing elit, sed do eiusmod tempor incididunt ut labore et dolore magna &#8230;\n\t\t\t\t\t<a href=\"https:\/\/brmemc.wpengine.com\/informe-anual-2019\/?lang=es\" target=\"_self\" rel=\"noopener noreferrer\">Lee mas &#8594;<\/a>\t\t\n\t\t\t\t\t\t\t\t\t\t\t\t\t\t<a href=\"https:\/\/brmemc.wpengine.com\/votacion-de-eleccion-clasificatoria-de-brmemc\/?lang=es\" target=\"_self\" title=\"Votaci\u00f3n de elecci\u00f3n clasificatoria de BRMEMC\" rel=\"noopener noreferrer\">\n\t\t\t\t<img decoding=\"async\" src=\"\" alt=\"\" \/>\n\t\t\t\t<\/a>\n\t\t\t\t\t\t<h3>\n\t\t\t\t<a href=https:\/\/brmemc.wpengine.com\/votacion-de-eleccion-clasificatoria-de-brmemc\/?lang=es title=\"Votaci\u00f3n de elecci\u00f3n clasificatoria de BRMEMC\" tabindex=\"0\">Votaci\u00f3n de elecci\u00f3n clasificatoria de BRMEMC<\/a>\t\t\t<\/h3>\n\t\t\t\t\t\t\t<h5>\n\t\t\toctubre 5, 2020\t\t\t\n\t\t\t\t\t\t\t<\/h5>\n\t\t\t\t\t\t\t\t\tLorem ipsum dolor sit amet, consectetur adipiscing elit, sed do eiusmod tempor incididunt ut labore et dolore magna &#8230;\n\t\t\t\t\t<a href=\"https:\/\/brmemc.wpengine.com\/votacion-de-eleccion-clasificatoria-de-brmemc\/?lang=es\" target=\"_self\" rel=\"noopener noreferrer\">Lee mas &#8594;<\/a>\t\t\n\t\t\t\t\t\t\t\t\t\t\t\t\t\t<a href=\"https:\/\/brmemc.wpengine.com\/brmemc-celebra-aniversarios-de-obras-de-hitos\/?lang=es\" target=\"_self\" title=\"BRMEMC celebra aniversarios de obras de hitos\" rel=\"noopener noreferrer\">\n\t\t\t\t<img decoding=\"async\" src=\"https:\/\/www.brmemc.com\/wp-content\/uploads\/2020\/02\/BRMEMC-300x200.jpg\" alt=\"BRMEMC\" \/>\n\t\t\t\t<\/a>\n\t\t\t\t\t\t<h3>\n\t\t\t\t<a href=https:\/\/brmemc.wpengine.com\/brmemc-celebra-aniversarios-de-obras-de-hitos\/?lang=es title=\"BRMEMC celebra aniversarios de obras de hitos\" tabindex=\"0\">BRMEMC celebra aniversarios de obras de hitos<\/a>\t\t\t<\/h3>\n\t\t\t\t\t\t\t<h5>\n\t\t\toctubre 5, 2020\t\t\t\n\t\t\t\t\t\t\t<\/h5>\n\t\t\t\t\t\t\t\t\tYOUNG HARRIS, Ga. \u2014 El jueves 30 de enero, Blue Ridge Mountain EMC celebr\u00f3 aniversarios de trabajo para &#8230;\n\t\t\t\t\t<a href=\"https:\/\/brmemc.wpengine.com\/brmemc-celebra-aniversarios-de-obras-de-hitos\/?lang=es\" target=\"_self\" rel=\"noopener noreferrer\">Lee mas &#8594;<\/a>\t\t\n\t\t\t\t\t\t\t\t\t\t\t\t\t\t<a href=\"https:\/\/brmemc.wpengine.com\/brmemc-banda-ancha-continua-expandiendose-en-2020\/?lang=es\" target=\"_self\" title=\"BrMEMC Banda ancha contin\u00faa expandi\u00e9ndose en 2020\" rel=\"noopener noreferrer\">\n\t\t\t\t<img decoding=\"async\" src=\"https:\/\/www.brmemc.com\/wp-content\/uploads\/2020\/02\/BRMEMC_fiber-300x161.jpg\" alt=\"\" \/>\n\t\t\t\t<\/a>\n\t\t\t\t\t\t<h3>\n\t\t\t\t<a href=https:\/\/brmemc.wpengine.com\/brmemc-banda-ancha-continua-expandiendose-en-2020\/?lang=es title=\"BrMEMC Banda ancha contin\u00faa expandi\u00e9ndose en 2020\" tabindex=\"0\">BrMEMC Banda ancha contin\u00faa expandi\u00e9ndose en 2020<\/a>\t\t\t<\/h3>\n\t\t\t\t\t\t\t<h5>\n\t\t\toctubre 5, 2020\t\t\t\n\t\t\t\t\t\t\t<\/h5>\n\t\t\t\t\t\t\t\t\tYOUNG HARRIS, Ga. \u2014 Blue Ridge Mountain EMC lanz\u00f3 recientemente \u00e1reas de expansi\u00f3n para su servicio de internet &#8230;\n\t\t\t\t\t<a href=\"https:\/\/brmemc.wpengine.com\/brmemc-banda-ancha-continua-expandiendose-en-2020\/?lang=es\" target=\"_self\" rel=\"noopener noreferrer\">Lee mas &#8594;<\/a>\t\t\n\t\t\t\t\t\t\t\t\t\t\t\t\t\t<a href=\"https:\/\/brmemc.wpengine.com\/el-gerente-general-de-brmemc-jeremy-nelms-dimitira-en-septiembre\/?lang=es\" target=\"_self\" title=\"El Gerente General de BRMEMC Jeremy Nelms dimitir\u00e1 en septiembre\" rel=\"noopener noreferrer\">\n\t\t\t\t<img decoding=\"async\" src=\"https:\/\/www.brmemc.com\/wp-content\/uploads\/2020\/03\/MRLND_004-300x200.jpg\" alt=\"BRMEMC Headquarters\" \/>\n\t\t\t\t<\/a>\n\t\t\t\t\t\t<h3>\n\t\t\t\t<a href=https:\/\/brmemc.wpengine.com\/el-gerente-general-de-brmemc-jeremy-nelms-dimitira-en-septiembre\/?lang=es title=\"El Gerente General de BRMEMC Jeremy Nelms dimitir\u00e1 en septiembre\" tabindex=\"0\">El Gerente General de BRMEMC Jeremy Nelms dimitir\u00e1 en septiembre<\/a>\t\t\t<\/h3>\n\t\t\t\t\t\t\t<h5>\n\t\t\toctubre 5, 2020\t\t\t\n\t\t\t\t\t\t\t<\/h5>\n\t\t\t\t\t\t\t\t\tYOUNG HARRIS, Ga. \u2014 El Gerente General de Blue Ridge Mountain EMC, Jeremy Nelms, anunci\u00f3 el 25 de &#8230;\n\t\t\t\t\t<a href=\"https:\/\/brmemc.wpengine.com\/el-gerente-general-de-brmemc-jeremy-nelms-dimitira-en-septiembre\/?lang=es\" target=\"_self\" rel=\"noopener noreferrer\">Lee mas &#8594;<\/a>\t\t\n\t\t\t\t\t\t\t\t\t\t\t\t\t\t<a href=\"https:\/\/brmemc.wpengine.com\/brmemc-anuncia-cambios-en-su-reunion-anual-2020\/?lang=es\" target=\"_self\" title=\"BRMEMC anuncia cambios en su Reuni\u00f3n Anual 2020\" rel=\"noopener noreferrer\">\n\t\t\t\t<img decoding=\"async\" src=\"https:\/\/www.brmemc.com\/wp-content\/uploads\/2020\/02\/BRMEMC-300x200.jpg\" alt=\"BRMEMC\" \/>\n\t\t\t\t<\/a>\n\t\t\t\t\t\t<h3>\n\t\t\t\t<a href=https:\/\/brmemc.wpengine.com\/brmemc-anuncia-cambios-en-su-reunion-anual-2020\/?lang=es title=\"BRMEMC anuncia cambios en su Reuni\u00f3n Anual 2020\" tabindex=\"0\">BRMEMC anuncia cambios en su Reuni\u00f3n Anual 2020<\/a>\t\t\t<\/h3>\n\t\t\t\t\t\t\t<h5>\n\t\t\toctubre 5, 2020\t\t\t\n\t\t\t\t\t\t\t<\/h5>\n\t\t\t\t\t\t\t\t\tYOUNG HARRIS, Georgia \u2014 La Junta Directiva y administraci\u00f3n de Blue Ridge Mountain EMC aprob\u00f3 un cambio en &#8230;\n\t\t\t\t\t<a href=\"https:\/\/brmemc.wpengine.com\/brmemc-anuncia-cambios-en-su-reunion-anual-2020\/?lang=es\" target=\"_self\" rel=\"noopener noreferrer\">Lee mas &#8594;<\/a>\t\t\n\t\t\t\t\t\t\t\t<h3 class='uabb-testimonial-author-name testimonial-author-name'>Seth<\/h3>\t\t\t\t\t\t\t\t\n\t\t\t\t\t\t\t<p>\u00abTan pronto como llegamos a casa, escuchamos el ruido de un transformador. En 30 minutos, BRMEMC estaba aqu\u00ed y en otros 30 restauraron nuestra energ\u00eda. No puedo agradecer lo suficiente a estos hombres y mujeres por el trabajo que hacen. Especialmente cuando es tarde en la noche y lloviendo en un clima de 36 grados \u00ab.<\/p>\t\t\t\t\t\t\n","protected":false},"excerpt":{"rendered":"<p>Paga tu cuenta Informar interrupci\u00f3n Mapa de cortes Nuevo servicio Miembros que sirven a los miembros Blue Ridge Mountain EMC es una cooperativa sin fines de lucro, propiedad de sus miembros, que sirve a los condados de Towns, Union y Fannin del norte de Georgia; y Clay y Cherokee del oeste de Carolina del Norte. [&hellip;]<\/p>\n","protected":false},"author":2,"featured_media":0,"parent":0,"menu_order":0,"comment_status":"closed","ping_status":"closed","template":"","meta":{"site-sidebar-layout":"default","site-content-layout":"default","ast-site-content-layout":"default","site-content-style":"default","site-sidebar-style":"default","ast-global-header-display":"","ast-banner-title-visibility":"","ast-main-header-display":"","ast-hfb-above-header-display":"","ast-hfb-below-header-display":"","ast-hfb-mobile-header-display":"","site-post-title":"disabled","ast-breadcrumbs-content":"","ast-featured-img":"","footer-sml-layout":"","ast-disable-related-posts":"","theme-transparent-header-meta":"default","adv-header-id-meta":"","stick-header-meta":"default","header-above-stick-meta":"","header-main-stick-meta":"","header-below-stick-meta":"","astra-migrate-meta-layouts":"default","ast-page-background-enabled":"default","ast-page-background-meta":{"desktop":{"background-color":"","background-image":"","background-repeat":"repeat","background-position":"center center","background-size":"auto","background-attachment":"scroll","background-type":"","background-media":"","overlay-type":"","overlay-color":"","overlay-opacity":"","overlay-gradient":""},"tablet":{"background-color":"","background-image":"","background-repeat":"repeat","background-position":"center center","background-size":"auto","background-attachment":"scroll","background-type":"","background-media":"","overlay-type":"","overlay-color":"","overlay-opacity":"","overlay-gradient":""},"mobile":{"background-color":"","background-image":"","background-repeat":"repeat","background-position":"center center","background-size":"auto","background-attachment":"scroll","background-type":"","background-media":"","overlay-type":"","overlay-color":"","overlay-opacity":"","overlay-gradient":""}},"ast-content-background-meta":{"desktop":{"background-color":"var(--ast-global-color-5)","background-image":"","background-repeat":"repeat","background-position":"center center","background-size":"auto","background-attachment":"scroll","background-type":"","background-media":"","overlay-type":"","overlay-color":"","overlay-opacity":"","overlay-gradient":""},"tablet":{"background-color":"var(--ast-global-color-5)","background-image":"","background-repeat":"repeat","background-position":"center center","background-size":"auto","background-attachment":"scroll","background-type":"","background-media":"","overlay-type":"","overlay-color":"","overlay-opacity":"","overlay-gradient":""},"mobile":{"background-color":"var(--ast-global-color-5)","background-image":"","background-repeat":"repeat","background-position":"center center","background-size":"auto","background-attachment":"scroll","background-type":"","background-media":"","overlay-type":"","overlay-color":"","overlay-opacity":"","overlay-gradient":""}},"footnotes":""},"class_list":["post-309","page","type-page","status-publish","hentry"],"_links":{"self":[{"href":"https:\/\/www.brmemc.com\/es\/wp-json\/wp\/v2\/pages\/309","targetHints":{"allow":["GET"]}}],"collection":[{"href":"https:\/\/www.brmemc.com\/es\/wp-json\/wp\/v2\/pages"}],"about":[{"href":"https:\/\/www.brmemc.com\/es\/wp-json\/wp\/v2\/types\/page"}],"author":[{"embeddable":true,"href":"https:\/\/www.brmemc.com\/es\/wp-json\/wp\/v2\/users\/2"}],"replies":[{"embeddable":true,"href":"https:\/\/www.brmemc.com\/es\/wp-json\/wp\/v2\/comments?post=309"}],"version-history":[{"count":0,"href":"https:\/\/www.brmemc.com\/es\/wp-json\/wp\/v2\/pages\/309\/revisions"}],"wp:attachment":[{"href":"https:\/\/www.brmemc.com\/es\/wp-json\/wp\/v2\/media?parent=309"}],"curies":[{"name":"wp","href":"https:\/\/api.w.org\/{rel}","templated":true}]}}